{"id":134,"date":"2020-09-08T09:05:58","date_gmt":"2020-09-08T09:05:58","guid":{"rendered":"http:\/\/www.kampaamokehys.fi\/?page_id=134"},"modified":"2022-07-24T11:59:42","modified_gmt":"2022-07-24T11:59:42","slug":"about","status":"publish","type":"page","link":"https:\/\/www.kampaamokehys.fi\/?page_id=134","title":{"rendered":"Tietoja"},"content":{"rendered":"\n<div class=\"wp-block-cover alignfull\" style=\"min-height:350px\"><span aria-hidden=\"true\" class=\"has-ast-global-color-8-background-color has-background-dim-80 wp-block-cover__gradient-background has-background-dim\"><\/span><img loading=\"lazy\" width=\"1544\" height=\"793\" class=\"wp-block-cover__image-background wp-image-14\" alt=\"\" src=\"http:\/\/www.kampaamokehys.fi\/wp-content\/uploads\/2022\/03\/IMG-20190804-WA0023111.jpg\" data-object-fit=\"cover\" srcset=\"https:\/\/www.kampaamokehys.fi\/wp-content\/uploads\/2022\/03\/IMG-20190804-WA0023111.jpg 1544w, https:\/\/www.kampaamokehys.fi\/wp-content\/uploads\/2022\/03\/IMG-20190804-WA0023111-300x154.jpg 300w, https:\/\/www.kampaamokehys.fi\/wp-content\/uploads\/2022\/03\/IMG-20190804-WA0023111-1024x526.jpg 1024w, https:\/\/www.kampaamokehys.fi\/wp-content\/uploads\/2022\/03\/IMG-20190804-WA0023111-768x394.jpg 768w, https:\/\/www.kampaamokehys.fi\/wp-content\/uploads\/2022\/03\/IMG-20190804-WA0023111-1536x789.jpg 1536w\" sizes=\"(max-width: 1544px) 100vw, 1544px\" \/><div class=\"wp-block-cover__inner-container\">\n<h1 class=\"has-text-align-center has-ast-global-color-6-color has-text-color\">Tietoja<\/h1>\n<\/div><\/div>\n\n\n\n<div class=\"inherit-container-width wp-container-1 wp-block-group alignfull has-ast-global-color-5-background-color has-background\"><div class=\"wp-block-group__inner-container\">\n<div class=\"wp-block-columns alignwide are-vertically-aligned-center has-ast-global-color-8-background-color has-background\">\n<div class=\"wp-block-column is-vertically-aligned-center\" style=\"flex-basis:30%\"><\/div>\n\n\n\n<div class=\"wp-block-column is-vertically-aligned-center\" style=\"flex-basis:30%\">\n<figure class=\"wp-block-image size-large is-style-rounded\"><img loading=\"lazy\" width=\"1024\" height=\"1024\" src=\"http:\/\/www.kampaamokehys.fi\/wp-content\/uploads\/2022\/03\/Kehys_logo-scaled-1024x1024.jpg\" alt=\"\" class=\"wp-image-8\" srcset=\"https:\/\/www.kampaamokehys.fi\/wp-content\/uploads\/2022\/03\/Kehys_logo-scaled-1024x1024.jpg 1024w, https:\/\/www.kampaamokehys.fi\/wp-content\/uploads\/2022\/03\/Kehys_logo-scaled-300x300.jpg 300w, https:\/\/www.kampaamokehys.fi\/wp-content\/uploads\/2022\/03\/Kehys_logo-scaled-150x150.jpg 150w, https:\/\/www.kampaamokehys.fi\/wp-content\/uploads\/2022\/03\/Kehys_logo-scaled-768x768.jpg 768w, https:\/\/www.kampaamokehys.fi\/wp-content\/uploads\/2022\/03\/Kehys_logo-scaled-1536x1536.jpg 1536w, https:\/\/www.kampaamokehys.fi\/wp-content\/uploads\/2022\/03\/Kehys_logo-scaled-2048x2048.jpg 2048w, https:\/\/www.kampaamokehys.fi\/wp-content\/uploads\/2022\/03\/Kehys_logo-scaled-120x120.jpg 120w\" sizes=\"(max-width: 1024px) 100vw, 1024px\" \/><\/figure>\n<\/div>\n\n\n\n<div class=\"wp-block-column is-vertically-aligned-center\" style=\"flex-basis:40%\">\n<h3>Hei, olen Teija Lankinen!<\/h3>\n\n\n\n<p>Avasin viihtyis\u00e4n parturi-kampaamon ovet 5.8.2019 ja toivotan kaikki minulla aikaisemmin k\u00e4yneet ja uudet asiakkaat koko perheen voimin syd\u00e4mellisesti tervetulleeksi! <\/p>\n\n\n\n<p>Kuuntelen toiveesi ja toteutan hiusten leikkaukset, v\u00e4rj\u00e4ykset ja monipuoliset hiusten k\u00e4sittelyt toiveitasi kunnioittaen. K\u00e4yt\u00f6ss\u00e4ni on laadukkaat tuotteet ja viimeisimm\u00e4t trendit. <\/p>\n\n\n\n<p>Varaathan yst\u00e4v\u00e4llisesti ajan puhelimitse tai paikan p\u00e4\u00e4lt\u00e4.<\/p>\n\n\n\n<p>Tervetuloa!<\/p>\n<\/div>\n<\/div>\n<\/div><\/div>\n\n\n\n<p><\/p>\n","protected":false},"excerpt":{"rendered":"<p>Hei, olen Teija Lankinen! Avasin viihtyis\u00e4n parturi-kampaamon ovet 5.8.2019 ja toivotan kaikki minulla aikaisemmin k\u00e4yneet ja uudet asiakkaat koko perheen voimin syd\u00e4mellisesti tervetulleeksi! Kuuntelen toiveesi ja toteutan hiusten leikkaukset, v\u00e4rj\u00e4ykset ja monipuoliset hiusten k\u00e4sittelyt toiveitasi kunnioittaen. K\u00e4yt\u00f6ss\u00e4ni on laadukkaat tuotteet ja viimeisimm\u00e4t trendit. Varaathan yst\u00e4v\u00e4llisesti ajan puhelimitse tai paikan p\u00e4\u00e4lt\u00e4. Tervetuloa!<\/p>\n","protected":false},"author":1,"featured_media":0,"parent":0,"menu_order":0,"comment_status":"closed","ping_status":"closed","template":"","meta":{"_uag_custom_page_level_css":"","site-sidebar-layout":"no-sidebar","site-content-layout":"plain-container","ast-site-content-layout":"default","site-content-style":"default","site-sidebar-style":"default","ast-global-header-display":"","ast-banner-title-visibility":"","ast-main-header-display":"","ast-hfb-above-header-display":"","ast-hfb-below-header-display":"","ast-hfb-mobile-header-display":"","site-post-title":"disabled","ast-breadcrumbs-content":"","ast-featured-img":"","footer-sml-layout":"","ast-disable-related-posts":"","theme-transparent-header-meta":"default","adv-header-id-meta":"","stick-header-meta":"","header-above-stick-meta":"","header-main-stick-meta":"","header-below-stick-meta":"","astra-migrate-meta-layouts":"default","ast-page-background-enabled":"default","ast-page-background-meta":{"desktop":{"background-color":"","background-image":"","background-repeat":"repeat","background-position":"center center","background-size":"auto","background-attachment":"scroll","background-type":"","background-media":"","overlay-type":"","overlay-color":"","overlay-opacity":"","overlay-gradient":""},"tablet":{"background-color":"","background-image":"","background-repeat":"repeat","background-position":"center center","background-size":"auto","background-attachment":"scroll","background-type":"","background-media":"","overlay-type":"","overlay-color":"","overlay-opacity":"","overlay-gradient":""},"mobile":{"background-color":"","background-image":"","background-repeat":"repeat","background-position":"center center","background-size":"auto","background-attachment":"scroll","background-type":"","background-media":"","overlay-type":"","overlay-color":"","overlay-opacity":"","overlay-gradient":""}},"ast-content-background-meta":{"desktop":{"background-color":"var(--ast-global-color-5)","background-image":"","background-repeat":"repeat","background-position":"center center","background-size":"auto","background-attachment":"scroll","background-type":"","background-media":"","overlay-type":"","overlay-color":"","overlay-opacity":"","overlay-gradient":""},"tablet":{"background-color":"var(--ast-global-color-5)","background-image":"","background-repeat":"repeat","background-position":"center center","background-size":"auto","background-attachment":"scroll","background-type":"","background-media":"","overlay-type":"","overlay-color":"","overlay-opacity":"","overlay-gradient":""},"mobile":{"background-color":"var(--ast-global-color-5)","background-image":"","background-repeat":"repeat","background-position":"center center","background-size":"auto","background-attachment":"scroll","background-type":"","background-media":"","overlay-type":"","overlay-color":"","overlay-opacity":"","overlay-gradient":""}}},"uagb_featured_image_src":{"full":false,"thumbnail":false,"medium":false,"medium_large":false,"large":false,"1536x1536":false,"2048x2048":false},"uagb_author_info":{"display_name":"admin","author_link":"https:\/\/www.kampaamokehys.fi\/?author=1"},"uagb_comment_info":0,"uagb_excerpt":"Hei, olen Teija Lankinen! Avasin viihtyis\u00e4n parturi-kampaamon ovet 5.8.2019 ja toivotan kaikki minulla aikaisemmin k\u00e4yneet ja uudet asiakkaat koko perheen voimin syd\u00e4mellisesti tervetulleeksi! Kuuntelen toiveesi ja toteutan hiusten leikkaukset, v\u00e4rj\u00e4ykset ja monipuoliset hiusten k\u00e4sittelyt toiveitasi kunnioittaen. K\u00e4yt\u00f6ss\u00e4ni on laadukkaat tuotteet ja viimeisimm\u00e4t trendit. Varaathan yst\u00e4v\u00e4llisesti ajan puhelimitse tai paikan p\u00e4\u00e4lt\u00e4. Tervetuloa!","_links":{"self":[{"href":"https:\/\/www.kampaamokehys.fi\/index.php?rest_route=\/wp\/v2\/pages\/134"}],"collection":[{"href":"https:\/\/www.kampaamokehys.fi\/index.php?rest_route=\/wp\/v2\/pages"}],"about":[{"href":"https:\/\/www.kampaamokehys.fi\/index.php?rest_route=\/wp\/v2\/types\/page"}],"author":[{"embeddable":true,"href":"https:\/\/www.kampaamokehys.fi\/index.php?rest_route=\/wp\/v2\/users\/1"}],"replies":[{"embeddable":true,"href":"https:\/\/www.kampaamokehys.fi\/index.php?rest_route=%2Fwp%2Fv2%2Fcomments&post=134"}],"version-history":[{"count":9,"href":"https:\/\/www.kampaamokehys.fi\/index.php?rest_route=\/wp\/v2\/pages\/134\/revisions"}],"predecessor-version":[{"id":369,"href":"https:\/\/www.kampaamokehys.fi\/index.php?rest_route=\/wp\/v2\/pages\/134\/revisions\/369"}],"wp:attachment":[{"href":"https:\/\/www.kampaamokehys.fi\/index.php?rest_route=%2Fwp%2Fv2%2Fmedia&parent=134"}],"curies":[{"name":"wp","href":"https:\/\/api.w.org\/{rel}","templated":true}]}}