{"id":164,"date":"2020-09-08T10:35:07","date_gmt":"2020-09-08T10:35:07","guid":{"rendered":"http:\/\/www.kampaamokehys.fi\/?page_id=164"},"modified":"2024-10-28T12:55:28","modified_gmt":"2024-10-28T12:55:28","slug":"programs","status":"publish","type":"page","link":"https:\/\/www.kampaamokehys.fi\/?page_id=164","title":{"rendered":"Hinnasto"},"content":{"rendered":"\n<div class=\"wp-block-cover alignfull\" style=\"min-height:350px\"><span aria-hidden=\"true\" class=\"has-ast-global-color-4-background-color has-background-dim-80 wp-block-cover__gradient-background has-background-dim\"><\/span><img loading=\"lazy\" width=\"1544\" height=\"793\" class=\"wp-block-cover__image-background wp-image-14\" alt=\"\" src=\"http:\/\/www.kampaamokehys.fi\/wp-content\/uploads\/2022\/03\/IMG-20190804-WA0023111.jpg\" data-object-fit=\"cover\" srcset=\"https:\/\/www.kampaamokehys.fi\/wp-content\/uploads\/2022\/03\/IMG-20190804-WA0023111.jpg 1544w, https:\/\/www.kampaamokehys.fi\/wp-content\/uploads\/2022\/03\/IMG-20190804-WA0023111-300x154.jpg 300w, https:\/\/www.kampaamokehys.fi\/wp-content\/uploads\/2022\/03\/IMG-20190804-WA0023111-1024x526.jpg 1024w, https:\/\/www.kampaamokehys.fi\/wp-content\/uploads\/2022\/03\/IMG-20190804-WA0023111-768x394.jpg 768w, https:\/\/www.kampaamokehys.fi\/wp-content\/uploads\/2022\/03\/IMG-20190804-WA0023111-1536x789.jpg 1536w\" sizes=\"(max-width: 1544px) 100vw, 1544px\" \/><div class=\"wp-block-cover__inner-container\">\n<h1 class=\"has-text-align-center has-black-color has-text-color has-large-font-size\" style=\"font-style:normal;font-weight:400\">Hinnasto<\/h1>\n<\/div><\/div>\n\n\n\n<div class=\"inherit-container-width wp-container-1 wp-block-group alignfull has-ast-global-color-4-background-color has-background\"><div class=\"wp-block-group__inner-container\">\n<div class=\"wp-block-columns\">\n<div class=\"wp-block-column\">\n<p class=\"has-ast-global-color-2-color has-text-color\"><strong>Parturipalvelut<\/strong><\/p>\n\n\n\n<p><br>Leikkaus &#8230;&#8230;&#8230;&#8230;&#8230;&#8230;&#8230;.34,00\u20ac<br>(el\u00e4kel\u00e4iset 30,00\u20ac)<br>Koneajo &#8230;&#8230;&#8230;&#8230;&#8230;&#8230;&#8230;..18,00\u20ac<br>Parranajo (koneella)&#8230;..18,00\u20ac<br><\/p>\n\n\n\n<p><strong>Lapset<\/strong> <strong>alle 7v.<\/strong>&#8230;&#8230;&#8230;&#8230;&#8230;26,00\u20ac<\/p>\n\n\n\n<p class=\"has-ast-global-color-2-color has-text-color\"><strong>Kampaamopalvelut<\/strong><\/p>\n\n\n\n<p>Leikkaus&#8230;&#8230;&#8230;&#8230;&#8230;&#8230;&#8230;&#8230;&#8230;&#8230;40,00\u20ac <br>(el\u00e4kel\u00e4iset 35,00\u20ac)<br>Leikkaus + pesu&#8230;&#8230;&#8230;&#8230;&#8230;&#8230;.45,00\u20ac<br>(el\u00e4kel\u00e4iset 40,00\u20ac)<br>Leikkaus + pesu + f\u00f6\u00f6naus&#8230;55,00\u20ac<br>(el\u00e4kel\u00e4iset 50,00\u20ac)<br>Pesu + f\u00f6\u00f6naus&#8230;&#8230;&#8230;&#8230;&#8230;&#8230;..35,00\u20ac<br>Pesu + kampaus (rullat)&#8230;&#8230;.45,00\u20ac<br>Pesu &#8230;&#8230;&#8230;&#8230;&#8230;&#8230;&#8230;&#8230;&#8230;&#8230;&#8230;..10,00\u20ac<\/p>\n\n\n\n<p class=\"has-ast-global-color-2-color has-text-color\">Ripsien ja kulmien kestov\u00e4rit:<\/p>\n\n\n\n<p>Kulmat (sis. muotoilun)&#8230;&#8230;. 20,00\u20ac<br>Ripset&#8230;&#8230;&#8230;&#8230;&#8230;&#8230;&#8230;&#8230;&#8230;&#8230;&#8230;20,00\u20ac<br>Ripsien ja kulmien-<br>v\u00e4rj\u00e4ys (sis. muotoilun)&#8230;&#8230;..30,00\u20ac<br> &#8211; Hiusten v\u00e4ri- ja permanentti-<br>paketin yhteydess\u00e4 &#8230;&#8230;&#8230;&#8230;.25,00\u20ac<\/p>\n\n\n\n<p><\/p>\n<\/div>\n\n\n\n<div class=\"wp-block-column\">\n<div class=\"wp-block-columns\">\n<div class=\"wp-block-column\">\n<p class=\"has-ast-global-color-2-color has-text-color\"><strong>V\u00e4rit<\/strong><\/p>\n\n\n\n<p>Lyhyet&#8230;&#8230;&#8230;&#8230;&#8230;&#8230;&#8230;&#8230;&#8230;&#8230;&#8230;&#8230;80,00\u20ac<br>Puolipitk\u00e4t&#8230;&#8230;&#8230;&#8230;&#8230;&#8230;&#8230;&#8230;&#8230;..90,00\u20ac<br>Pitk\u00e4t&#8230;&#8230;&#8230;&#8230;&#8230;&#8230;&#8230;&#8230;&#8230;&#8230;&#8230;&#8230; 100,00\u20ac<br>(Vaalennukset)&#8230;&#8230;&#8230;&#8230;&#8230;&#8230;&#8230;.+10,00\u20ac<\/p>\n\n\n\n<p class=\"has-ast-global-color-2-color has-text-color\"><strong>Moniv\u00e4ri:<\/strong><br>Lyhyet&#8230;&#8230;&#8230;&#8230;&#8230;&#8230;&#8230;&#8230;&#8230;&#8230;&#8230;..100,00\u20ac<br>Puolipitk\u00e4t&#8230;&#8230;&#8230;&#8230;&#8230;&#8230;&#8230;&#8230;&#8230;.110,00\u20ac<br>Pitk\u00e4t&#8230;&#8230;&#8230;&#8230;&#8230;&#8230;&#8230;&#8230;&#8230;&#8230;&#8230;&#8230;120,00\u20ac<\/p>\n\n\n\n<p class=\"has-ast-global-color-2-color has-text-color\"><strong>Raidat:<\/strong><br>Lyhyet&#8230;&#8230;&#8230;&#8230;&#8230;&#8230;&#8230;&#8230;&#8230;&#8230;&#8230;..100,00\u20ac<br>Puolipitk\u00e4t&#8230;&#8230;&#8230;&#8230;&#8230;&#8230;&#8230;&#8230;&#8230;.110,00\u20ac<br>Pitk\u00e4t&#8230;&#8230;&#8230;&#8230;&#8230;&#8230;&#8230;&#8230;&#8230;&#8230;&#8230;&#8230;120,00\u20ac<\/p>\n\n\n\n<p class=\"has-ast-global-color-2-color has-text-color\"><strong>Permanentti:<\/strong><br>Lyhyet&#8230;&#8230;&#8230;&#8230;&#8230;&#8230;&#8230;&#8230;&#8230;&#8230;&#8230;..80,00\u20ac<br>Puolipitk\u00e4t&#8230;&#8230;&#8230;&#8230;&#8230;&#8230;&#8230;&#8230;&#8230;.90,00\u20ac<br>Pitk\u00e4t&#8230;&#8230;&#8230;&#8230;&#8230;&#8230;&#8230;&#8230;&#8230;&#8230;&#8230;&#8230;100,00\u20ac<\/p>\n<\/div>\n\n\n\n<div class=\"wp-block-column\">\n<p class=\"has-ast-global-color-2-color has-text-color\"><strong>V\u00e4ripaketti<\/strong><\/p>\n\n\n\n<p>Lyhyet&#8230;&#8230;&#8230;&#8230;&#8230;&#8230;&#8230;&#8230;&#8230;&#8230;&#8230;&#8230;110,00\u20ac<br>Puolipitk\u00e4t&#8230;&#8230;&#8230;&#8230;&#8230;&#8230;&#8230;&#8230;&#8230;..120,00\u20ac<br>Pitk\u00e4t&#8230;&#8230;&#8230;&#8230;&#8230;&#8230;&#8230;&#8230;&#8230;&#8230;&#8230;&#8230; 130,00\u20ac<br>.<\/p>\n\n\n\n<p class=\"has-ast-global-color-2-color has-text-color\"><strong>Moniv\u00e4ripaketti<\/strong><br>Lyhyet&#8230;&#8230;&#8230;&#8230;&#8230;&#8230;&#8230;&#8230;&#8230;&#8230;&#8230;..130,00\u20ac<br>Puolipitk\u00e4t&#8230;&#8230;&#8230;&#8230;&#8230;&#8230;&#8230;&#8230;&#8230;.140,00\u20ac<br>Pitk\u00e4t&#8230;&#8230;&#8230;&#8230;&#8230;&#8230;&#8230;&#8230;&#8230;&#8230;&#8230;&#8230;150,00\u20ac<\/p>\n\n\n\n<p class=\"has-ast-global-color-2-color has-text-color\"><strong>Raitapaketti<br><\/strong>Lyhyet&#8230;&#8230;&#8230;&#8230;&#8230;&#8230;&#8230;&#8230;&#8230;&#8230;&#8230;..130,00\u20ac<br>Puolipitk\u00e4t&#8230;&#8230;&#8230;&#8230;&#8230;&#8230;&#8230;&#8230;&#8230;.140,00\u20ac<br>Pitk\u00e4t&#8230;&#8230;&#8230;&#8230;&#8230;&#8230;&#8230;&#8230;&#8230;&#8230;&#8230;&#8230;150,00\u20ac<\/p>\n\n\n\n<p class=\"has-ast-global-color-2-color has-text-color\"><strong>Permanenttipaketti<\/strong><br>Lyhyet&#8230;&#8230;&#8230;&#8230;&#8230;&#8230;&#8230;&#8230;&#8230;&#8230;&#8230;..110,00\u20ac<br>Puolipitk\u00e4t&#8230;&#8230;&#8230;&#8230;&#8230;&#8230;&#8230;&#8230;&#8230;.120,00\u20ac<br>Pitk\u00e4t&#8230;&#8230;&#8230;&#8230;&#8230;&#8230;&#8230;&#8230;&#8230;&#8230;&#8230;&#8230;130,00\u20ac<\/p>\n\n\n\n<p><em>Hinnat sis\u00e4lt\u00e4v\u00e4t alv 25,5%.<\/em><\/p>\n<\/div>\n<\/div>\n<\/div>\n<\/div>\n<\/div><\/div>\n\n\n\n<p><\/p>\n","protected":false},"excerpt":{"rendered":"<p>Parturipalvelut Leikkaus &#8230;&#8230;&#8230;&#8230;&#8230;&#8230;&#8230;.34,00\u20ac(el\u00e4kel\u00e4iset 30,00\u20ac)Koneajo &#8230;&#8230;&#8230;&#8230;&#8230;&#8230;&#8230;..18,00\u20acParranajo (koneella)&#8230;..18,00\u20ac Lapset alle 7v.&#8230;&#8230;&#8230;&#8230;&#8230;26,00\u20ac Kampaamopalvelut Leikkaus&#8230;&#8230;&#8230;&#8230;&#8230;&#8230;&#8230;&#8230;&#8230;&#8230;40,00\u20ac (el\u00e4kel\u00e4iset 35,00\u20ac)Leikkaus + pesu&#8230;&#8230;&#8230;&#8230;&#8230;&#8230;.45,00\u20ac(el\u00e4kel\u00e4iset 40,00\u20ac)Leikkaus + pesu + f\u00f6\u00f6naus&#8230;55,00\u20ac(el\u00e4kel\u00e4iset 50,00\u20ac)Pesu + f\u00f6\u00f6naus&#8230;&#8230;&#8230;&#8230;&#8230;&#8230;..35,00\u20acPesu + kampaus (rullat)&#8230;&#8230;.45,00\u20acPesu &#8230;&#8230;&#8230;&#8230;&#8230;&#8230;&#8230;&#8230;&#8230;&#8230;&#8230;..10,00\u20ac Ripsien ja kulmien kestov\u00e4rit: Kulmat (sis. muotoilun)&#8230;&#8230;. 20,00\u20acRipset&#8230;&#8230;&#8230;&#8230;&#8230;&#8230;&#8230;&#8230;&#8230;&#8230;&#8230;20,00\u20acRipsien ja kulmien-v\u00e4rj\u00e4ys (sis. muotoilun)&#8230;&#8230;..30,00\u20ac &#8211; Hiusten v\u00e4ri- ja permanentti-paketin yhteydess\u00e4 &#8230;&#8230;&#8230;&#8230;.25,00\u20ac V\u00e4rit Lyhyet&#8230;&#8230;&#8230;&#8230;&#8230;&#8230;&#8230;&#8230;&#8230;&#8230;&#8230;&#8230;80,00\u20acPuolipitk\u00e4t&#8230;&#8230;&#8230;&#8230;&#8230;&#8230;&#8230;&#8230;&#8230;..90,00\u20acPitk\u00e4t&#8230;&#8230;&#8230;&#8230;&#8230;&#8230;&#8230;&#8230;&#8230;&#8230;&#8230;&#8230; 100,00\u20ac(Vaalennukset)&#8230;&#8230;&#8230;&#8230;&#8230;&#8230;&#8230;.+10,00\u20ac Moniv\u00e4ri:Lyhyet&#8230;&#8230;&#8230;&#8230;&#8230;&#8230;&#8230;&#8230;&#8230;&#8230;&#8230;..100,00\u20acPuolipitk\u00e4t&#8230;&#8230;&#8230;&#8230;&#8230;&#8230;&#8230;&#8230;&#8230;.110,00\u20acPitk\u00e4t&#8230;&#8230;&#8230;&#8230;&#8230;&#8230;&#8230;&#8230;&#8230;&#8230;&#8230;&#8230;120,00\u20ac Raidat:Lyhyet&#8230;&#8230;&#8230;&#8230;&#8230;&#8230;&#8230;&#8230;&#8230;&#8230;&#8230;..100,00\u20acPuolipitk\u00e4t&#8230;&#8230;&#8230;&#8230;&#8230;&#8230;&#8230;&#8230;&#8230;.110,00\u20acPitk\u00e4t&#8230;&#8230;&#8230;&#8230;&#8230;&#8230;&#8230;&#8230;&#8230;&#8230;&#8230;&#8230;120,00\u20ac Permanentti:Lyhyet&#8230;&#8230;&#8230;&#8230;&#8230;&#8230;&#8230;&#8230;&#8230;&#8230;&#8230;..80,00\u20acPuolipitk\u00e4t&#8230;&#8230;&#8230;&#8230;&#8230;&#8230;&#8230;&#8230;&#8230;.90,00\u20acPitk\u00e4t&#8230;&#8230;&#8230;&#8230;&#8230;&#8230;&#8230;&#8230;&#8230;&#8230;&#8230;&#8230;100,00\u20ac V\u00e4ripaketti Lyhyet&#8230;&#8230;&#8230;&#8230;&#8230;&#8230;&#8230;&#8230;&#8230;&#8230;&#8230;&#8230;110,00\u20acPuolipitk\u00e4t&#8230;&#8230;&#8230;&#8230;&#8230;&#8230;&#8230;&#8230;&#8230;..120,00\u20acPitk\u00e4t&#8230;&#8230;&#8230;&#8230;&#8230;&#8230;&#8230;&#8230;&#8230;&#8230;&#8230;&#8230; 130,00\u20ac. [&hellip;]<\/p>\n","protected":false},"author":1,"featured_media":0,"parent":0,"menu_order":0,"comment_status":"closed","ping_status":"closed","template":"","meta":{"_uag_custom_page_level_css":"","site-sidebar-layout":"no-sidebar","site-content-layout":"plain-container","ast-site-content-layout":"normal-width-container","site-content-style":"unboxed","site-sidebar-style":"default","ast-global-header-display":"","ast-banner-title-visibility":"","ast-main-header-display":"","ast-hfb-above-header-display":"","ast-hfb-below-header-display":"","ast-hfb-mobile-header-display":"","site-post-title":"disabled","ast-breadcrumbs-content":"","ast-featured-img":"","footer-sml-layout":"","ast-disable-related-posts":"","theme-transparent-header-meta":"default","adv-header-id-meta":"","stick-header-meta":"","header-above-stick-meta":"","header-main-stick-meta":"","header-below-stick-meta":"","astra-migrate-meta-layouts":"set","ast-page-background-enabled":"default","ast-page-background-meta":{"desktop":{"background-color":"","background-image":"","background-repeat":"repeat","background-position":"center center","background-size":"auto","background-attachment":"scroll","background-type":"","background-media":"","overlay-type":"","overlay-color":"","overlay-opacity":"","overlay-gradient":""},"tablet":{"background-color":"","background-image":"","background-repeat":"repeat","background-position":"center center","background-size":"auto","background-attachment":"scroll","background-type":"","background-media":"","overlay-type":"","overlay-color":"","overlay-opacity":"","overlay-gradient":""},"mobile":{"background-color":"","background-image":"","background-repeat":"repeat","background-position":"center center","background-size":"auto","background-attachment":"scroll","background-type":"","background-media":"","overlay-type":"","overlay-color":"","overlay-opacity":"","overlay-gradient":""}},"ast-content-background-meta":{"desktop":{"background-color":"var(--ast-global-color-5)","background-image":"","background-repeat":"repeat","background-position":"center center","background-size":"auto","background-attachment":"scroll","background-type":"","background-media":"","overlay-type":"","overlay-color":"","overlay-opacity":"","overlay-gradient":""},"tablet":{"background-color":"var(--ast-global-color-5)","background-image":"","background-repeat":"repeat","background-position":"center center","background-size":"auto","background-attachment":"scroll","background-type":"","background-media":"","overlay-type":"","overlay-color":"","overlay-opacity":"","overlay-gradient":""},"mobile":{"background-color":"var(--ast-global-color-5)","background-image":"","background-repeat":"repeat","background-position":"center center","background-size":"auto","background-attachment":"scroll","background-type":"","background-media":"","overlay-type":"","overlay-color":"","overlay-opacity":"","overlay-gradient":""}}},"uagb_featured_image_src":{"full":false,"thumbnail":false,"medium":false,"medium_large":false,"large":false,"1536x1536":false,"2048x2048":false},"uagb_author_info":{"display_name":"admin","author_link":"https:\/\/www.kampaamokehys.fi\/?author=1"},"uagb_comment_info":0,"uagb_excerpt":"Parturipalvelut Leikkaus &#8230;&#8230;&#8230;&#8230;&#8230;&#8230;&#8230;.34,00\u20ac(el\u00e4kel\u00e4iset 30,00\u20ac)Koneajo &#8230;&#8230;&#8230;&#8230;&#8230;&#8230;&#8230;..18,00\u20acParranajo (koneella)&#8230;..18,00\u20ac Lapset alle 7v.&#8230;&#8230;&#8230;&#8230;&#8230;26,00\u20ac Kampaamopalvelut Leikkaus&#8230;&#8230;&#8230;&#8230;&#8230;&#8230;&#8230;&#8230;&#8230;&#8230;40,00\u20ac (el\u00e4kel\u00e4iset 35,00\u20ac)Leikkaus + pesu&#8230;&#8230;&#8230;&#8230;&#8230;&#8230;.45,00\u20ac(el\u00e4kel\u00e4iset 40,00\u20ac)Leikkaus + pesu + f\u00f6\u00f6naus&#8230;55,00\u20ac(el\u00e4kel\u00e4iset 50,00\u20ac)Pesu + f\u00f6\u00f6naus&#8230;&#8230;&#8230;&#8230;&#8230;&#8230;..35,00\u20acPesu + kampaus (rullat)&#8230;&#8230;.45,00\u20acPesu &#8230;&#8230;&#8230;&#8230;&#8230;&#8230;&#8230;&#8230;&#8230;&#8230;&#8230;..10,00\u20ac Ripsien ja kulmien kestov\u00e4rit: Kulmat (sis. muotoilun)&#8230;&#8230;. 20,00\u20acRipset&#8230;&#8230;&#8230;&#8230;&#8230;&#8230;&#8230;&#8230;&#8230;&#8230;&#8230;20,00\u20acRipsien ja kulmien-v\u00e4rj\u00e4ys (sis. muotoilun)&#8230;&#8230;..30,00\u20ac &#8211; Hiusten v\u00e4ri- ja permanentti-paketin yhteydess\u00e4 &#8230;&#8230;&#8230;&#8230;.25,00\u20ac V\u00e4rit Lyhyet&#8230;&#8230;&#8230;&#8230;&#8230;&#8230;&#8230;&#8230;&#8230;&#8230;&#8230;&#8230;80,00\u20acPuolipitk\u00e4t&#8230;&#8230;&#8230;&#8230;&#8230;&#8230;&#8230;&#8230;&#8230;..90,00\u20acPitk\u00e4t&#8230;&#8230;&#8230;&#8230;&#8230;&#8230;&#8230;&#8230;&#8230;&#8230;&#8230;&#8230; 100,00\u20ac(Vaalennukset)&#8230;&#8230;&#8230;&#8230;&#8230;&#8230;&#8230;.+10,00\u20ac Moniv\u00e4ri:Lyhyet&#8230;&#8230;&#8230;&#8230;&#8230;&#8230;&#8230;&#8230;&#8230;&#8230;&#8230;..100,00\u20acPuolipitk\u00e4t&#8230;&#8230;&#8230;&#8230;&#8230;&#8230;&#8230;&#8230;&#8230;.110,00\u20acPitk\u00e4t&#8230;&#8230;&#8230;&#8230;&#8230;&#8230;&#8230;&#8230;&#8230;&#8230;&#8230;&#8230;120,00\u20ac Raidat:Lyhyet&#8230;&#8230;&#8230;&#8230;&#8230;&#8230;&#8230;&#8230;&#8230;&#8230;&#8230;..100,00\u20acPuolipitk\u00e4t&#8230;&#8230;&#8230;&#8230;&#8230;&#8230;&#8230;&#8230;&#8230;.110,00\u20acPitk\u00e4t&#8230;&#8230;&#8230;&#8230;&#8230;&#8230;&#8230;&#8230;&#8230;&#8230;&#8230;&#8230;120,00\u20ac Permanentti:Lyhyet&#8230;&#8230;&#8230;&#8230;&#8230;&#8230;&#8230;&#8230;&#8230;&#8230;&#8230;..80,00\u20acPuolipitk\u00e4t&#8230;&#8230;&#8230;&#8230;&#8230;&#8230;&#8230;&#8230;&#8230;.90,00\u20acPitk\u00e4t&#8230;&#8230;&#8230;&#8230;&#8230;&#8230;&#8230;&#8230;&#8230;&#8230;&#8230;&#8230;100,00\u20ac V\u00e4ripaketti Lyhyet&#8230;&#8230;&#8230;&#8230;&#8230;&#8230;&#8230;&#8230;&#8230;&#8230;&#8230;&#8230;110,00\u20acPuolipitk\u00e4t&#8230;&#8230;&#8230;&#8230;&#8230;&#8230;&#8230;&#8230;&#8230;..120,00\u20acPitk\u00e4t&#8230;&#8230;&#8230;&#8230;&#8230;&#8230;&#8230;&#8230;&#8230;&#8230;&#8230;&#8230; 130,00\u20ac.&hellip;","_links":{"self":[{"href":"https:\/\/www.kampaamokehys.fi\/index.php?rest_route=\/wp\/v2\/pages\/164"}],"collection":[{"href":"https:\/\/www.kampaamokehys.fi\/index.php?rest_route=\/wp\/v2\/pages"}],"about":[{"href":"https:\/\/www.kampaamokehys.fi\/index.php?rest_route=\/wp\/v2\/types\/page"}],"author":[{"embeddable":true,"href":"https:\/\/www.kampaamokehys.fi\/index.php?rest_route=\/wp\/v2\/users\/1"}],"replies":[{"embeddable":true,"href":"https:\/\/www.kampaamokehys.fi\/index.php?rest_route=%2Fwp%2Fv2%2Fcomments&post=164"}],"version-history":[{"count":38,"href":"https:\/\/www.kampaamokehys.fi\/index.php?rest_route=\/wp\/v2\/pages\/164\/revisions"}],"predecessor-version":[{"id":405,"href":"https:\/\/www.kampaamokehys.fi\/index.php?rest_route=\/wp\/v2\/pages\/164\/revisions\/405"}],"wp:attachment":[{"href":"https:\/\/www.kampaamokehys.fi\/index.php?rest_route=%2Fwp%2Fv2%2Fmedia&parent=164"}],"curies":[{"name":"wp","href":"https:\/\/api.w.org\/{rel}","templated":true}]}}